{"id":11,"date":"2022-03-26T03:48:27","date_gmt":"2022-03-26T02:48:27","guid":{"rendered":"https:\/\/www.it-weingartner.at\/kunde\/PhoneApp\/wordpress\/?page_id=11"},"modified":"2022-04-15T02:02:22","modified_gmt":"2022-04-15T00:02:22","slug":"fragen-und-antworten","status":"publish","type":"page","link":"https:\/\/studipallix.net\/en\/fragen-und-antworten\/","title":{"rendered":"FAQ"},"content":{"rendered":"<div class=\"wp-block-otfm-box-spoiler-start otfm-sp__wrapper otfm-sp__box js-otfm-sp-box__closed otfm-sp__f5f5f5\" role=\"button\" tabindex=\"0\" aria-expanded=\"false\" data-otfm-spc=\"#f5f5f5\" style=\"text-align:left\"><div class=\"otfm-sp__title\">Q: Which age ist StudiPallix game intended for?<\/div><\/div>\n\n\n\n<p>A: StudiPallix game targets children of 6 years onwards. But all young-at-heart people are welcome to play this game. You live and learn.<\/p>\n\n\n\n<hr class=\"wp-block-separator\"\/>\n\n\n\n<div class=\"wp-block-otfm-box-spoiler-start otfm-sp__wrapper otfm-sp__box js-otfm-sp-box__closed otfm-sp__f5f5f5\" role=\"button\" tabindex=\"0\" aria-expanded=\"false\" data-otfm-spc=\"#f5f5f5\" style=\"text-align:left\"><div class=\"otfm-sp__title\">Q: Is StudiPallix game already available at the app store?<\/div><\/div>\n\n\n\n<p>A: No, not yet. But a prototype exist that runs on Windows and on Android. Send me a mail, if you like to test StudiPallix in advance.<\/p>\n\n\n\n<hr class=\"wp-block-separator\"\/>\n\n\n\n<div class=\"wp-block-otfm-box-spoiler-start otfm-sp__wrapper otfm-sp__box js-otfm-sp-box__closed otfm-sp__f5f5f5\" role=\"button\" tabindex=\"0\" aria-expanded=\"false\" data-otfm-spc=\"#f5f5f5\" style=\"text-align:left\"><div class=\"otfm-sp__title\">Q: An which platforms will StudiPallix be available?<\/div><\/div>\n\n\n\n<p>A: iOS, Android, Windows and maybe more.<\/p>\n\n\n\n<hr class=\"wp-block-separator\"\/>\n\n\n\n<div class=\"wp-block-otfm-box-spoiler-start otfm-sp__wrapper otfm-sp__box js-otfm-sp-box__closed otfm-sp__f5f5f5\" role=\"button\" tabindex=\"0\" aria-expanded=\"false\" data-otfm-spc=\"#f5f5f5\" style=\"text-align:left\"><div class=\"otfm-sp__title\">Q: Is StudiPallix game free?<\/div><\/div>\n\n\n\n<p>A: Yes, the basic features will be free. In addition VIP subscription with additional features will be offered  for reasonable price.<\/p>\n\n\n\n<hr class=\"wp-block-separator\"\/>\n\n\n\n<div class=\"wp-block-otfm-box-spoiler-start otfm-sp__wrapper otfm-sp__box js-otfm-sp-box__closed otfm-sp__f5f5f5\" role=\"button\" tabindex=\"0\" aria-expanded=\"false\" data-otfm-spc=\"#f5f5f5\" style=\"text-align:left\"><div class=\"otfm-sp__title\">Q: Can I create \"levels\" for my friends?<\/div><\/div>\n\n\n\n<p>A: yes, this is on the feature list.<\/p>\n\n\n\n<hr class=\"wp-block-separator\"\/>\n\n\n\n<div class=\"wp-block-otfm-box-spoiler-start otfm-sp__wrapper otfm-sp__box js-otfm-sp-box__closed otfm-sp__f5f5f5\" role=\"button\" tabindex=\"0\" aria-expanded=\"false\" data-otfm-spc=\"#f5f5f5\" style=\"text-align:left\"><div class=\"otfm-sp__title\">Q: Can we use StudiPallix game at my school?<\/div><\/div>\n\n\n\n<p>A: Yes, of course. Feel free to do so.<\/p>\n\n\n\n<hr class=\"wp-block-separator\"\/>\n\n\n\n<div class=\"wp-block-otfm-box-spoiler-start otfm-sp__wrapper otfm-sp__box js-otfm-sp-box__closed otfm-sp__f5f5f5\" role=\"button\" tabindex=\"0\" aria-expanded=\"false\" data-otfm-spc=\"#f5f5f5\" style=\"text-align:left\"><div class=\"otfm-sp__title\">Q: I have a great idea for the StudiPallix game.<\/div><\/div>\n\n\n\n<p>A: Yes, of course. Feel free to do so.<\/p>\n\n\n\n<hr class=\"wp-block-separator\"\/>\n\n\n\n<div class=\"wp-block-otfm-box-spoiler-start otfm-sp__wrapper otfm-sp__box js-otfm-sp-box__closed otfm-sp__f5f5f5\" role=\"button\" tabindex=\"0\" aria-expanded=\"false\" data-otfm-spc=\"#f5f5f5\" style=\"text-align:left\"><div class=\"otfm-sp__title\">Q: There is plenty to do. Are there job opportunities?<\/div><\/div>\n\n\n\n<p>A: At this time only volontary service is possible. For example, if you need a project for your a levels.<\/p>\n\n\n\n<hr class=\"wp-block-separator\"\/>\n\n\n\n<div class=\"wp-block-otfm-box-spoiler-start otfm-sp__wrapper otfm-sp__box js-otfm-sp-box__closed otfm-sp__f5f5f5\" role=\"button\" tabindex=\"0\" aria-expanded=\"false\" data-otfm-spc=\"#f5f5f5\" style=\"text-align:left\"><div class=\"otfm-sp__title\">Q: Is it possible to invest in this project as a business angel?<\/div><\/div>\n\n\n\n<p>A: Please send me message. I\u2019d really like hearing from you.<\/p>\n\n\n\n<hr class=\"wp-block-separator\"\/>\n\n\n\n<div class=\"wp-block-otfm-box-spoiler-start otfm-sp__wrapper otfm-sp__box js-otfm-sp-box__closed otfm-sp__f5f5f5\" role=\"button\" tabindex=\"0\" aria-expanded=\"false\" data-otfm-spc=\"#f5f5f5\" style=\"text-align:left\"><div class=\"otfm-sp__title\">Q: Is there a crowd funding campaign for this project?<\/div><\/div>\n\n\n\n<p>A: No, not yet. Please send me a message, if you would like to organize such.<\/p>","protected":false},"excerpt":{"rendered":"<p>Antwort: Das StudiPallix-Spiel richtet sich an Kinder ab 6 Jahren. Aber alle jung gebliebenen Menschen k\u00f6nnen es gerne verwenden. Man lernt schlie\u00dflich nie aus. Antwort: Nein, noch nicht. Aber es gibt einen Prototypen, der unter Windows l\u00e4uft und unter Android. Schreib mir eine Nachricht, wenn du das StudiPallix-Spiel vorab testen m\u00f6chtest. Antwort: iOS, Android, Windows [&hellip;]<\/p>\n","protected":false},"author":1,"featured_media":0,"parent":0,"menu_order":0,"comment_status":"closed","ping_status":"closed","template":"","meta":{"footnotes":""},"class_list":["post-11","page","type-page","status-publish","hentry"],"_links":{"self":[{"href":"https:\/\/studipallix.net\/en\/wp-json\/wp\/v2\/pages\/11","targetHints":{"allow":["GET"]}}],"collection":[{"href":"https:\/\/studipallix.net\/en\/wp-json\/wp\/v2\/pages"}],"about":[{"href":"https:\/\/studipallix.net\/en\/wp-json\/wp\/v2\/types\/page"}],"author":[{"embeddable":true,"href":"https:\/\/studipallix.net\/en\/wp-json\/wp\/v2\/users\/1"}],"replies":[{"embeddable":true,"href":"https:\/\/studipallix.net\/en\/wp-json\/wp\/v2\/comments?post=11"}],"version-history":[{"count":13,"href":"https:\/\/studipallix.net\/en\/wp-json\/wp\/v2\/pages\/11\/revisions"}],"predecessor-version":[{"id":255,"href":"https:\/\/studipallix.net\/en\/wp-json\/wp\/v2\/pages\/11\/revisions\/255"}],"wp:attachment":[{"href":"https:\/\/studipallix.net\/en\/wp-json\/wp\/v2\/media?parent=11"}],"curies":[{"name":"wp","href":"https:\/\/api.w.org\/{rel}","templated":true}]}}